{"id":52,"date":"2013-04-23T17:16:27","date_gmt":"2013-04-23T15:16:27","guid":{"rendered":"http:\/\/blog.taquilla10.com\/?page_id=52"},"modified":"2025-03-26T13:19:38","modified_gmt":"2025-03-26T11:19:38","slug":"quienes-somos-taquilla10","status":"publish","type":"page","link":"https:\/\/www.taquilla.com\/blog\/quienes-somos-taquilla10\/","title":{"rendered":"Qui\u00e9nes somos &#8211; Taquilla10"},"content":{"rendered":"<div align=\"justify\">\n<p>\n<br \/>\nNos alegramos mucho de que te interese tanto este portal como para que hayas acabado en esta p\u00e1gina!! muchas gracias!!<br \/>\n<br \/>\nLa verdad es que han pasado muchas cosas desde que empezamos hay\u00e1 por abril del 2013. De hecho, si quieres saber \u00abqui\u00e9nes somos\u00bb ahora mismo lo mejor es que acudas <a href=\"https:\/\/www.taquilla.com\/themes\/tcom-2.0\/about.php?lang=es\">aqu\u00ed<\/a>.<br \/>\n<br \/>\nSin embargo, como somos un poco nost\u00e1lgicos, para la gente curiosa como t\u00fa hemos decidido mantener en este blog nuestro \u00abquienes somos original\u00bb.<br \/>\n<br \/>\nNos hace ilusi\u00f3n ver todo lo que hemos crecido desde que \u00abtaquillito\u00bb di\u00f3 sus primeros pasos en \u00abTaquilla.com\u00bb (el nombre original del portal), pero no por ello vamos a renunciar a nuestros or\u00edgenes. As\u00ed que nada, aqu\u00ed un peque\u00f1o viaje en el tiempo..que lo disfruten!!<br \/>\n<br \/>\nOs aseguramos que, a d\u00eda de hoy, seguimos con toda la ilusi\u00f3n y las ganas de ayudaros a todos a disfrutar de todo el ocio al mejor tiempo que ten\u00edamos el d\u00eda que nacimos.\n<\/p>\n<p><\/p>\n<div align=\"center\">x &#8211; x &#8211; x &#8211; x &#8211; x &#8211; x &#8211; x &#8211; x &#8211; x &#8211; x &#8211; x &#8211; x &#8211; x &#8211; x &#8211; x<\/div>\n<p><\/p>\n<p style=\"text-align: center;\"><strong>Taquilla.com &#8211; Todas las entradas siempre al mejor precio<\/strong><\/p>\n<p>\nQu\u00e9 dif\u00edcil es encontrar las entradas para todos aquellos eventos y espect\u00e1culos a los que queremos ir, \u00bfverdad? En ocasiones empleamos muchos minutos, incluso horas, en dar con el lugar en Internet donde se pueden comprar las entradas para ver el f\u00fatbol en directo, acudir al teatro, re\u00edr con un buen mon\u00f3logo o disfrutar en directo de la m\u00fasica de nuestros artistas preferidos.<br \/>\n<br \/>\n<b>Para ahorrar tiempo y dinero <\/b>nace<b> <a href=\"https:\/\/www.taquilla.com\/\">Taquilla.com<\/a><\/b>, un portal que funciona como un buscador que rastrea todas las ofertas disponibles en la web para un determinado espect\u00e1culo o evento. Todo ello en cuesti\u00f3n de segundos de una manera r\u00e1pida y sencilla para el usuario. Tan s\u00f3lo hay que poner su nombre en el buscador que figura en la parte superior del portal para que <b>Taquilla.com<\/b> ofrezca un listado con todas las entradas disponibles, vendedor y precio, por lo que el usuario puede elegir la oferta que mejor se ajusta a sus intereses.<br \/>\n<\/p>\n<hr\/>\n<p><\/p>\n<p style=\"text-align: center;\">\n    <b>Todas las entradas disponibles en la red, al mejor precio y al instante!<\/b><br \/>\n    <iframe loading=\"lazy\" title=\"Taquilla10. Todas las entradas, siempre al mejor precio\" width=\"640\" height=\"360\" src=\"https:\/\/www.youtube.com\/embed\/ZcT-ymrgFos?feature=oembed\" frameborder=\"0\" allow=\"accelerometer; autoplay; clipboard-write; encrypted-media; gyroscope; picture-in-picture; web-share\" referrerpolicy=\"strict-origin-when-cross-origin\" allowfullscreen><\/iframe>\n<\/p>\n<p>\nAdem\u00e1s del buscador, todos los eventos y espect\u00e1culos est\u00e1n ordenados por categor\u00edas, por lo que se puede navegar a trav\u00e9s de ellas para conocer todas las opciones de ocio que hay durante los pr\u00f3ximos meses e incluso <b>enterarse de las \u00faltimas novedades<\/b>.<br \/>\n<br \/>\n<b>Taquilla.com<\/b> tambi\u00e9n tiene <b><a href=\"https:\/\/www.taquilla.com\/blog\/\">un blog<\/a><\/b> donde da <b>informaci\u00f3n sobre los eventos m\u00e1s destacados<\/b> y las \u00faltimas novedades, que tambi\u00e9n se pueden seguir a trav\u00e9s de sus perfiles en redes sociales: <b>Facebook<\/b>, <b>X<\/b> y <b>G+<\/b>. A trav\u00e9s tanto del blog como de las redes sociales realiza <b>sorteos, concursos y promociones exclusivas<\/b>. \u00bfA qu\u00e9 esperas para seguir a Taquilla.com?<br \/>\n<br \/>\nComprar entradas al mejor precio para conciertos, teatro, mon\u00f3logos, museos, exposiciones, parques de atracciones, \u00f3pera, danza o toros nunca fue tan sencillo gracias a <b>Taquilla.com<\/b>.<br \/>\n\n<\/div>\n","protected":false},"excerpt":{"rendered":"<p>Nos alegramos mucho de que te interese tanto este portal como para que hayas acabado en esta p\u00e1gina!! muchas gracias!! La verdad es que han pasado muchas cosas desde que empezamos hay\u00e1 por abril del 2013. De hecho, si quieres saber \u00abqui\u00e9nes somos\u00bb ahora mismo lo mejor es que acudas aqu\u00ed. Sin embargo, como somos [&hellip;]<\/p>\n","protected":false},"author":2,"featured_media":0,"parent":0,"menu_order":0,"comment_status":"open","ping_status":"closed","template":"","meta":{"footnotes":""},"class_list":["post-52","page","type-page","status-publish","hentry"],"aioseo_notices":[],"amp_enabled":true,"_links":{"self":[{"href":"https:\/\/www.taquilla.com\/blog\/wp-json\/wp\/v2\/pages\/52","targetHints":{"allow":["GET"]}}],"collection":[{"href":"https:\/\/www.taquilla.com\/blog\/wp-json\/wp\/v2\/pages"}],"about":[{"href":"https:\/\/www.taquilla.com\/blog\/wp-json\/wp\/v2\/types\/page"}],"author":[{"embeddable":true,"href":"https:\/\/www.taquilla.com\/blog\/wp-json\/wp\/v2\/users\/2"}],"replies":[{"embeddable":true,"href":"https:\/\/www.taquilla.com\/blog\/wp-json\/wp\/v2\/comments?post=52"}],"version-history":[{"count":23,"href":"https:\/\/www.taquilla.com\/blog\/wp-json\/wp\/v2\/pages\/52\/revisions"}],"predecessor-version":[{"id":22753,"href":"https:\/\/www.taquilla.com\/blog\/wp-json\/wp\/v2\/pages\/52\/revisions\/22753"}],"wp:attachment":[{"href":"https:\/\/www.taquilla.com\/blog\/wp-json\/wp\/v2\/media?parent=52"}],"curies":[{"name":"wp","href":"https:\/\/api.w.org\/{rel}","templated":true}]}}